{"id":579,"date":"2024-04-15T08:20:20","date_gmt":"2024-04-15T06:20:20","guid":{"rendered":"https:\/\/infoskema.jcn-bolig.dk\/?page_id=579"},"modified":"2024-04-15T08:26:55","modified_gmt":"2024-04-15T06:26:55","slug":"ansaettelse-af-studentermedhjaelper","status":"publish","type":"page","link":"https:\/\/infoskema.jcn-bolig.dk\/index.php\/ansaettelse-af-studentermedhjaelper\/","title":{"rendered":"Ans\u00e6ttelse af studentermedhj\u00e6lper"},"content":{"rendered":"<div class=\"wpforms-container wpforms-container-full\" id=\"wpforms-581\"><form id=\"wpforms-form-581\" class=\"wpforms-validate wpforms-form wpforms-ajax-form\" data-formid=\"581\" method=\"post\" enctype=\"multipart\/form-data\" action=\"\/index.php\/wp-json\/wp\/v2\/pages\/579\" data-token=\"81b6ee8933ea7aab865135205ad6aab3\" data-token-time=\"1777606705\"><noscript class=\"wpforms-error-noscript\">Please enable JavaScript in your browser to complete this form.<\/noscript><div class=\"wpforms-page-indicator circles\" data-indicator=\"circles\" data-indicator-color=\"#b97303\" data-scroll=\"1\"><div class=\"wpforms-page-indicator-page active wpforms-page-indicator-page-1\"><span class=\"wpforms-page-indicator-page-number\" style=\"background-color:#b97303\">1<\/span><span class=\"wpforms-page-indicator-page-title\">Ans\u00e6ttelse<\/span><\/div><div class=\"wpforms-page-indicator-page  wpforms-page-indicator-page-2\"><span class=\"wpforms-page-indicator-page-number\">2<\/span><span class=\"wpforms-page-indicator-page-title\">Samtykkeerkl\u00e6ring<\/span><\/div><\/div><div class=\"wpforms-field-container\"><div class=\"wpforms-page wpforms-page-1 \" data-page=\"1\"><div id=\"wpforms-581-field_32-container\" class=\"wpforms-field wpforms-field-pagebreak\" data-field-id=\"32\"><\/div><div id=\"wpforms-581-field_28-container\" class=\"wpforms-field wpforms-field-layout\" data-field-id=\"28\"><div class=\"wpforms-field-layout-columns wpforms-field-layout-preset-50-50\"><div class=\"wpforms-layout-column wpforms-layout-column-50\" ><div id=\"wpforms-581-field_4-container\" class=\"wpforms-field wpforms-field-date-time\" data-field-id=\"4\"><label class=\"wpforms-field-label\" for=\"wpforms-581-field_4\">Startdato: <span class=\"wpforms-required-label\">*<\/span><\/label><div class=\"wpforms-datepicker-wrap\"><input type=\"text\" id=\"wpforms-581-field_4\" class=\"wpforms-field-date-time-date wpforms-datepicker wpforms-field-required wpforms-field-small\" data-date-format=\"d\/m\/Y\" data-disable-past-dates=\"0\" data-input=\"true\" name=\"wpforms[fields][4][date]\" required><a title=\"Clear Date\" data-clear role=\"button\" tabindex=\"0\" class=\"wpforms-datepicker-clear\" aria-label=\"Clear Date\" style=\"display:none;\"><\/a><\/div><\/div><\/div><div class=\"wpforms-layout-column wpforms-layout-column-50\" ><div id=\"wpforms-581-field_14-container\" class=\"wpforms-field wpforms-field-checkbox\" data-field-id=\"14\"><label class=\"wpforms-field-label\">Ans\u00e6ttelsessted: <span class=\"wpforms-required-label\">*<\/span><\/label><ul id=\"wpforms-581-field_14\" class=\"wpforms-field-required\" data-choice-limit=\"1\"><li class=\"choice-1 depth-1\"><input type=\"checkbox\" id=\"wpforms-581-field_14_1\" data-rule-check-limit=\"true\" name=\"wpforms[fields][14][]\" value=\"Aarhus\" required ><label class=\"wpforms-field-label-inline\" for=\"wpforms-581-field_14_1\">Aarhus<\/label><\/li><li class=\"choice-2 depth-1\"><input type=\"checkbox\" id=\"wpforms-581-field_14_2\" data-rule-check-limit=\"true\" name=\"wpforms[fields][14][]\" value=\"Timring\" required ><label class=\"wpforms-field-label-inline\" for=\"wpforms-581-field_14_2\">Timring<\/label><\/li><li class=\"choice-3 depth-1\"><input type=\"checkbox\" id=\"wpforms-581-field_14_3\" data-rule-check-limit=\"true\" name=\"wpforms[fields][14][]\" value=\"Sj\u00e6lland\" required ><label class=\"wpforms-field-label-inline\" for=\"wpforms-581-field_14_3\">Sj\u00e6lland<\/label><\/li><\/ul><\/div><\/div><\/div><\/div><div id=\"wpforms-581-field_42-container\" class=\"wpforms-field wpforms-field-layout\" data-field-id=\"42\"><div class=\"wpforms-field-layout-columns wpforms-field-layout-preset-50-50\"><div class=\"wpforms-layout-column wpforms-layout-column-50\" ><div id=\"wpforms-581-field_0-container\" class=\"wpforms-field wpforms-field-name\" data-field-id=\"0\"><label class=\"wpforms-field-label\" for=\"wpforms-581-field_0\">Fornavn: <span class=\"wpforms-required-label\">*<\/span><\/label><input type=\"text\" id=\"wpforms-581-field_0\" class=\"wpforms-field-small wpforms-field-required\" name=\"wpforms[fields][0]\" required><\/div><div id=\"wpforms-581-field_5-container\" class=\"wpforms-field wpforms-field-text\" data-field-id=\"5\"><label class=\"wpforms-field-label\" for=\"wpforms-581-field_5\">\u00d8nsket navn i e-mail signatur: (f.eks. Ismail Kalayci) <span class=\"wpforms-required-label\">*<\/span><\/label><input type=\"text\" id=\"wpforms-581-field_5\" class=\"wpforms-field-small wpforms-field-required\" name=\"wpforms[fields][5]\" required><\/div><\/div><div class=\"wpforms-layout-column wpforms-layout-column-50\" ><div id=\"wpforms-581-field_57-container\" class=\"wpforms-field wpforms-field-name\" data-field-id=\"57\"><label class=\"wpforms-field-label\" for=\"wpforms-581-field_57\">Efternavn: <span class=\"wpforms-required-label\">*<\/span><\/label><input type=\"text\" id=\"wpforms-581-field_57\" class=\"wpforms-field-small wpforms-field-required\" name=\"wpforms[fields][57]\" required><\/div><div id=\"wpforms-581-field_10-container\" class=\"wpforms-field wpforms-field-text wpf-char-min\" data-field-id=\"10\"><label class=\"wpforms-field-label\" for=\"wpforms-581-field_10\">CPR-nr.: <span class=\"wpforms-required-label\">*<\/span><\/label><input type=\"text\" id=\"wpforms-581-field_10\" class=\"wpforms-field-small wpforms-field-required wpforms-limit-characters-enabled\" data-form-id=\"581\" data-field-id=\"10\" data-text-limit=\"10\" name=\"wpforms[fields][10]\" maxlength=\"10\" required><\/div><\/div><\/div><\/div><div id=\"wpforms-581-field_43-container\" class=\"wpforms-field wpforms-field-layout\" data-field-id=\"43\"><div class=\"wpforms-field-layout-columns wpforms-field-layout-preset-50-50\"><div class=\"wpforms-layout-column wpforms-layout-column-50\" ><div id=\"wpforms-581-field_8-container\" class=\"wpforms-field wpforms-field-text\" data-field-id=\"8\"><label class=\"wpforms-field-label\" for=\"wpforms-581-field_8\">Adresse: <span class=\"wpforms-required-label\">*<\/span><\/label><input type=\"text\" id=\"wpforms-581-field_8\" class=\"wpforms-field-small wpforms-field-required\" name=\"wpforms[fields][8]\" required><\/div><\/div><div class=\"wpforms-layout-column wpforms-layout-column-50\" ><div id=\"wpforms-581-field_9-container\" class=\"wpforms-field wpforms-field-text\" data-field-id=\"9\"><label class=\"wpforms-field-label\" for=\"wpforms-581-field_9\">Postnr. &amp; by: <span class=\"wpforms-required-label\">*<\/span><\/label><input type=\"text\" id=\"wpforms-581-field_9\" class=\"wpforms-field-small wpforms-field-required\" name=\"wpforms[fields][9]\" required><\/div><\/div><\/div><\/div><div id=\"wpforms-581-field_44-container\" class=\"wpforms-field wpforms-field-layout\" data-field-id=\"44\"><div class=\"wpforms-field-layout-columns wpforms-field-layout-preset-50-50\"><div class=\"wpforms-layout-column wpforms-layout-column-50\" ><div id=\"wpforms-581-field_11-container\" class=\"wpforms-field wpforms-field-text\" data-field-id=\"11\"><label class=\"wpforms-field-label\" for=\"wpforms-581-field_11\">Bank-Reg. nr. (4 cifre): <span class=\"wpforms-required-label\">*<\/span><\/label><input type=\"text\" id=\"wpforms-581-field_11\" class=\"wpforms-field-small wpforms-field-required\" name=\"wpforms[fields][11]\" required><\/div><\/div><div class=\"wpforms-layout-column wpforms-layout-column-50\" ><div id=\"wpforms-581-field_12-container\" class=\"wpforms-field wpforms-field-text\" data-field-id=\"12\"><label class=\"wpforms-field-label\" for=\"wpforms-581-field_12\">Bank - Kontonummer (maks. 10 cifre): <span class=\"wpforms-required-label\">*<\/span><\/label><input type=\"text\" id=\"wpforms-581-field_12\" class=\"wpforms-field-small wpforms-field-required\" name=\"wpforms[fields][12]\" required><\/div><\/div><\/div><\/div><div id=\"wpforms-581-field_45-container\" class=\"wpforms-field wpforms-field-layout\" data-field-id=\"45\"><div class=\"wpforms-field-layout-columns wpforms-field-layout-preset-50-50\"><div class=\"wpforms-layout-column wpforms-layout-column-50\" ><div id=\"wpforms-581-field_1-container\" class=\"wpforms-field wpforms-field-email\" data-field-id=\"1\"><label class=\"wpforms-field-label\" for=\"wpforms-581-field_1\">Privat mailadresse: <span class=\"wpforms-required-label\">*<\/span><\/label><input type=\"email\" id=\"wpforms-581-field_1\" class=\"wpforms-field-small wpforms-field-required\" name=\"wpforms[fields][1]\" spellcheck=\"false\" required><\/div><\/div><div class=\"wpforms-layout-column wpforms-layout-column-50\" ><div id=\"wpforms-581-field_13-container\" class=\"wpforms-field wpforms-field-number\" data-field-id=\"13\"><label class=\"wpforms-field-label\" for=\"wpforms-581-field_13\">Privat mobilnr.: <span class=\"wpforms-required-label\">*<\/span><\/label><input type=\"number\" id=\"wpforms-581-field_13\" class=\"wpforms-field-small wpforms-field-required\" name=\"wpforms[fields][13]\" step=\"any\" required><\/div><\/div><\/div><\/div><div id=\"wpforms-581-field_16-container\" class=\"wpforms-field wpforms-field-select wpforms-field-select-style-classic\" data-field-id=\"16\"><label class=\"wpforms-field-label\" for=\"wpforms-581-field_16\">T-shirts st\u00f8rrelse: <span class=\"wpforms-required-label\">*<\/span><\/label><select id=\"wpforms-581-field_16\" class=\"wpforms-field-small wpforms-field-required\" name=\"wpforms[fields][16]\" required=\"required\"><option value=\"\" class=\"placeholder\" disabled  selected='selected'>V\u00e6lg st\u00f8rrelse<\/option><option value=\"XS\"  class=\"choice-7 depth-1\"  >XS<\/option><option value=\"S\"  class=\"choice-1 depth-1\"  >S<\/option><option value=\"M\"  class=\"choice-2 depth-1\"  >M<\/option><option value=\"L\"  class=\"choice-3 depth-1\"  >L<\/option><option value=\"XL\"  class=\"choice-4 depth-1\"  >XL<\/option><option value=\"XXL\"  class=\"choice-5 depth-1\"  >XXL<\/option><option value=\"XXXL\"  class=\"choice-6 depth-1\"  >XXXL<\/option><\/select><\/div><div id=\"wpforms-581-field_19-container\" class=\"wpforms-field wpforms-field-text\" data-field-id=\"19\"><label class=\"wpforms-field-label\" for=\"wpforms-581-field_19\">B\u00f8rn under 14 \u00e5r (skriv \u00e5rgang):<\/label><input type=\"text\" id=\"wpforms-581-field_19\" class=\"wpforms-field-small\" name=\"wpforms[fields][19]\" ><\/div><div id=\"wpforms-581-field_20-container\" class=\"wpforms-field wpforms-field-text\" data-field-id=\"20\"><label class=\"wpforms-field-label\" for=\"wpforms-581-field_20\">Hensyn til f\u00f8devarer\/f\u00f8devareallergi: (f. eks. laktosefri kost eller spiser ikke svinek\u00f8d)<\/label><input type=\"text\" id=\"wpforms-581-field_20\" class=\"wpforms-field-small\" name=\"wpforms[fields][20]\" ><\/div><div id=\"wpforms-581-field_21-container\" class=\"wpforms-field wpforms-field-text\" data-field-id=\"21\"><label class=\"wpforms-field-label\" for=\"wpforms-581-field_21\">Evt. andre oplysninger (eks. sukkersyge, epilepsi)<\/label><input type=\"text\" id=\"wpforms-581-field_21\" class=\"wpforms-field-small\" name=\"wpforms[fields][21]\" ><\/div><div id=\"wpforms-581-field_51-container\" class=\"wpforms-field wpforms-field-checkbox wpforms-conditional-trigger\" data-field-id=\"51\"><label class=\"wpforms-field-label\">K\u00f8rekort <span class=\"wpforms-required-label\">*<\/span><\/label><ul id=\"wpforms-581-field_51\" class=\"wpforms-field-required\" data-choice-limit=\"1\"><li class=\"choice-1 depth-1\"><input type=\"checkbox\" id=\"wpforms-581-field_51_1\" data-rule-check-limit=\"true\" name=\"wpforms[fields][51][]\" value=\"Ja\" required ><label class=\"wpforms-field-label-inline\" for=\"wpforms-581-field_51_1\">Ja<\/label><\/li><li class=\"choice-2 depth-1\"><input type=\"checkbox\" id=\"wpforms-581-field_51_2\" data-rule-check-limit=\"true\" name=\"wpforms[fields][51][]\" value=\"Nej\" required ><label class=\"wpforms-field-label-inline\" for=\"wpforms-581-field_51_2\">Nej<\/label><\/li><\/ul><\/div><div id=\"wpforms-581-field_54-container\" class=\"wpforms-field wpforms-field-layout\" data-field-id=\"54\"><div class=\"wpforms-field-layout-columns wpforms-field-layout-preset-50-50\"><div class=\"wpforms-layout-column wpforms-layout-column-50\" ><div id=\"wpforms-581-field_53-container\" class=\"wpforms-field wpforms-field-text wpforms-conditional-field wpforms-conditional-show\" data-field-id=\"53\" style=\"display:none;\"><label class=\"wpforms-field-label\" for=\"wpforms-581-field_53\">K\u00f8rekortnummer <span class=\"wpforms-required-label\">*<\/span><\/label><input type=\"text\" id=\"wpforms-581-field_53\" class=\"wpforms-field-medium wpforms-field-required wpforms-limit-characters-enabled\" data-form-id=\"581\" data-field-id=\"53\" data-text-limit=\"8\" name=\"wpforms[fields][53]\" maxlength=\"8\" required><\/div><\/div><div class=\"wpforms-layout-column wpforms-layout-column-50\" ><div id=\"wpforms-581-field_55-container\" class=\"wpforms-field wpforms-field-checkbox wpforms-conditional-field wpforms-conditional-show\" data-field-id=\"55\" style=\"display:none;\"><label class=\"wpforms-field-label\">K\u00f8rekort type <span class=\"wpforms-required-label\">*<\/span><\/label><ul id=\"wpforms-581-field_55\" class=\"wpforms-field-required\"><li class=\"choice-1 depth-1\"><input type=\"checkbox\" id=\"wpforms-581-field_55_1\" name=\"wpforms[fields][55][]\" value=\"A\" required ><label class=\"wpforms-field-label-inline\" for=\"wpforms-581-field_55_1\">A<\/label><\/li><li class=\"choice-2 depth-1\"><input type=\"checkbox\" id=\"wpforms-581-field_55_2\" name=\"wpforms[fields][55][]\" value=\"B\" required ><label class=\"wpforms-field-label-inline\" for=\"wpforms-581-field_55_2\">B<\/label><\/li><li class=\"choice-3 depth-1\"><input type=\"checkbox\" id=\"wpforms-581-field_55_3\" name=\"wpforms[fields][55][]\" value=\"C\" required ><label class=\"wpforms-field-label-inline\" for=\"wpforms-581-field_55_3\">C<\/label><\/li><li class=\"choice-5 depth-1\"><input type=\"checkbox\" id=\"wpforms-581-field_55_5\" name=\"wpforms[fields][55][]\" value=\"D\" required ><label class=\"wpforms-field-label-inline\" for=\"wpforms-581-field_55_5\">D<\/label><\/li><li class=\"choice-6 depth-1\"><input type=\"checkbox\" id=\"wpforms-581-field_55_6\" name=\"wpforms[fields][55][]\" value=\"BE\" required ><label class=\"wpforms-field-label-inline\" for=\"wpforms-581-field_55_6\">BE<\/label><\/li><li class=\"choice-7 depth-1\"><input type=\"checkbox\" id=\"wpforms-581-field_55_7\" name=\"wpforms[fields][55][]\" value=\"CE\" required ><label class=\"wpforms-field-label-inline\" for=\"wpforms-581-field_55_7\">CE<\/label><\/li><li class=\"choice-8 depth-1\"><input type=\"checkbox\" id=\"wpforms-581-field_55_8\" name=\"wpforms[fields][55][]\" value=\"DE\" required ><label class=\"wpforms-field-label-inline\" for=\"wpforms-581-field_55_8\">DE<\/label><\/li><\/ul><\/div><\/div><\/div><\/div><div id=\"wpforms-581-field_30-container\" class=\"wpforms-field wpforms-field-divider\" data-field-id=\"30\"><\/div><div id=\"wpforms-581-field_29-container\" class=\"wpforms-field wpforms-field-html\" data-field-id=\"29\"><div id=\"wpforms-581-field_29\"><h1 style=\"font-size:20px\">I tilf\u00e6lde af tilskadekomst kontaktes: <\/h1><\/div><\/div><div id=\"wpforms-581-field_24-container\" class=\"wpforms-field wpforms-field-text\" data-field-id=\"24\"><label class=\"wpforms-field-label\" for=\"wpforms-581-field_24\">Navn <span class=\"wpforms-required-label\">*<\/span><\/label><input type=\"text\" id=\"wpforms-581-field_24\" class=\"wpforms-field-small wpforms-field-required\" name=\"wpforms[fields][24]\" required><\/div><div id=\"wpforms-581-field_25-container\" class=\"wpforms-field wpforms-field-text\" data-field-id=\"25\"><label class=\"wpforms-field-label\" for=\"wpforms-581-field_25\">Mobil (privat): <span class=\"wpforms-required-label\">*<\/span><\/label><input type=\"text\" id=\"wpforms-581-field_25\" class=\"wpforms-field-small wpforms-field-required\" name=\"wpforms[fields][25]\" required><\/div><div id=\"wpforms-581-field_26-container\" class=\"wpforms-field wpforms-field-text\" data-field-id=\"26\"><label class=\"wpforms-field-label\" for=\"wpforms-581-field_26\">Mobil (i arbejdstiden):<\/label><input type=\"text\" id=\"wpforms-581-field_26\" class=\"wpforms-field-small\" name=\"wpforms[fields][26]\" ><\/div><div id=\"wpforms-581-field_2-container\" class=\"wpforms-field wpforms-field-textarea\" data-field-id=\"2\"><label class=\"wpforms-field-label\" for=\"wpforms-581-field_2\">Eventuelt<\/label><textarea id=\"wpforms-581-field_2\" class=\"wpforms-field-medium\" name=\"wpforms[fields][2]\" ><\/textarea><\/div><div id=\"wpforms-581-field_31-container\" class=\"wpforms-field wpforms-field-pagebreak\" data-field-id=\"31\"><div class=\"wpforms-clear wpforms-pagebreak-left\"><button class=\"wpforms-page-button wpforms-page-next\" data-action=\"next\" data-page=\"1\" data-formid=\"581\" disabled>N\u00e6ste<\/button><\/div><\/div><\/div><div class=\"wpforms-page wpforms-page-2 last \" data-page=\"2\" style=\"display:none;\"><div id=\"wpforms-581-field_34-container\" class=\"wpforms-field wpforms-field-html\" data-field-id=\"34\"><div id=\"wpforms-581-field_34\"><h1 style=\"font-size:20px\">SAMTYKKEERKL\u00c6RING<br \/> \r\n<p style=\"color:#e36c0a\";>BRUG AF PORTR\u00c6TBILLEDER OG VIDEOOPTAGELSER<\/p><\/h1>\r\n<br \/>\r\n<h1 style=\"font-size:16px\">I JCN Bolig anvender vi billeder og film af vores medarbejdere til brug for forretningsm\u00e6ssige form\u00e5l med henblik p\u00e5 markedsf\u00f8ring af virksomheden.\r\n<br \/><br \/>\r\n\r\nRetningslinjer for brug af billeder og videooptagelser er beskrevet i vores medarbejderh\u00e5ndb\u00f8ger, og vi h\u00e5ber du vil give samtykke til, at vi m\u00e5 bruge dit portr\u00e6tbillede eller videooptagelse af dig som beskrevet i retningslinjerne.\r\n<br \/><br \/>\r\nBem\u00e6rk, at internt brug af dit portr\u00e6tbillede, herunder relevante interne systemer som eksempelvis telefonbog, mail, informationssk\u00e6rm, intranet, medarbejderoversigt mm., ikke kr\u00e6ver et samtykke.\r\nDet samme g\u00f8r sig g\u00e6ldende generelt i forhold til vores brug af situationsbilleder fra arbejdspladsen, der s\u00e5ledes kan anvendes internt s\u00e5vel som p\u00e5 vores hjemmeside.\r\n<br \/><br \/>\r\nMed din underskrift giver du tilladelse til, at JCN Bolig m\u00e5 bruge billeder og videooptagelser af dig.<\/h1><\/div><\/div><div id=\"wpforms-581-field_36-container\" class=\"wpforms-field wpforms-field-text\" data-field-id=\"36\"><label class=\"wpforms-field-label\" for=\"wpforms-581-field_36\">Navn: <span class=\"wpforms-required-label\">*<\/span><\/label><input type=\"text\" id=\"wpforms-581-field_36\" class=\"wpforms-field-medium wpforms-field-required\" name=\"wpforms[fields][36]\" required><\/div><div id=\"wpforms-581-field_35-container\" class=\"wpforms-field wpforms-field-date-time\" data-field-id=\"35\"><label class=\"wpforms-field-label\" for=\"wpforms-581-field_35\">Dato: <span class=\"wpforms-required-label\">*<\/span><\/label><div class=\"wpforms-datepicker-wrap\"><input type=\"text\" id=\"wpforms-581-field_35\" class=\"wpforms-field-date-time-date wpforms-datepicker wpforms-field-required wpforms-field-medium\" data-date-format=\"d\/m\/Y\" data-disable-past-dates=\"0\" data-input=\"true\" name=\"wpforms[fields][35][date]\" required><a title=\"Clear Date\" data-clear role=\"button\" tabindex=\"0\" class=\"wpforms-datepicker-clear\" aria-label=\"Clear Date\" style=\"display:none;\"><\/a><\/div><\/div><div id=\"wpforms-581-field_39-container\" class=\"wpforms-field wpforms-field-checkbox wpforms-conditional-trigger\" data-field-id=\"39\"><label class=\"wpforms-field-label\">Svar p\u00e5 samtykkeerkl\u00e6ring: <span class=\"wpforms-required-label\">*<\/span><\/label><ul id=\"wpforms-581-field_39\" class=\"wpforms-field-required\" data-choice-limit=\"1\"><li class=\"choice-1 depth-1\"><input type=\"checkbox\" id=\"wpforms-581-field_39_1\" data-rule-check-limit=\"true\" name=\"wpforms[fields][39][]\" value=\"Ja, jeg \u00f8nsker at give mit samtykke.\" required ><label class=\"wpforms-field-label-inline\" for=\"wpforms-581-field_39_1\">Ja, jeg \u00f8nsker at give mit samtykke.<\/label><\/li><li class=\"choice-2 depth-1\"><input type=\"checkbox\" id=\"wpforms-581-field_39_2\" data-rule-check-limit=\"true\" name=\"wpforms[fields][39][]\" value=\"Nej, jeg \u00f8nsker ikke at give mit samtykke.\" required ><label class=\"wpforms-field-label-inline\" for=\"wpforms-581-field_39_2\">Nej, jeg \u00f8nsker ikke at give mit samtykke.<\/label><\/li><\/ul><\/div><div id=\"wpforms-581-field_56-container\" class=\"wpforms-field wpforms-field-layout\" data-field-id=\"56\"><div class=\"wpforms-field-layout-columns wpforms-field-layout-preset-50-50\"><div class=\"wpforms-layout-column wpforms-layout-column-50\" ><\/div><div class=\"wpforms-layout-column wpforms-layout-column-50\" ><\/div><\/div><\/div><div id=\"wpforms-581-field_38-container\" class=\"wpforms-field wpforms-field-html\" data-field-id=\"38\"><div id=\"wpforms-581-field_38\"><h1 style=\"font-size:16px\">Du er bekendt med, at samtykkeerkl\u00e6ringen til enhver tid kan tr\u00e6kkes tilbage. Dette sker ved henvendelse til den marketing ansvarlige hos JCN Bolig. Tr\u00e6kker du dit samtykke tilbage, vil vi fremadrettet ikke l\u00e6ngere anvende dit portr\u00e6tbillede\/videooptagelsen af dig til forretningsm\u00e6ssig markedsf\u00f8ring af virksomheden\r\n<br \/><br \/>\r\n\r\nBem\u00e6rk, at en tilbagetr\u00e6kning af samtykke ikke ber\u00f8rer den brug af dit portr\u00e6tbillede eller videooptagelse af dig, som har fundet sted forud for din tilbagetr\u00e6kning.\r\n<br \/><br \/>\r\nFor s\u00e5 vidt ang\u00e5r trykt, men endnu ikke udsendt materiale, vil vi slette materiale af dig, medmindre det vil medf\u00f8re urimelige udgifter for virksomheden.<\/h1><\/div><\/div><div id=\"wpforms-581-field_59-container\" class=\"wpforms-field wpforms-field-email\" data-field-id=\"59\"><label class=\"wpforms-field-label\" for=\"wpforms-581-field_59\">Email <span class=\"wpforms-required-label\">*<\/span><\/label><input type=\"email\" id=\"wpforms-581-field_59\" class=\"wpforms-field-medium wpforms-field-required\" name=\"wpforms[fields][59]\" spellcheck=\"false\" required><\/div><div id=\"wpforms-581-field_33-container\" class=\"wpforms-field wpforms-field-pagebreak\" data-field-id=\"33\"><div class=\"wpforms-clear wpforms-pagebreak-left\"><\/div><\/div><\/div><\/div><!-- .wpforms-field-container --><div class=\"wpforms-submit-container\" style=\"display:none;\"><input type=\"hidden\" name=\"wpforms[id]\" value=\"581\"><input type=\"hidden\" name=\"page_title\" value=\"\"><input type=\"hidden\" name=\"page_url\" value=\"https:\/\/infoskema.jcn-bolig.dk\/index.php\/wp-json\/wp\/v2\/pages\/579\"><input type=\"hidden\" name=\"url_referer\" value=\"\"><button type=\"submit\" name=\"wpforms[submit]\" id=\"wpforms-submit-581\" class=\"wpforms-submit\" data-alt-text=\"Sender...\" data-submit-text=\"Send\" aria-live=\"assertive\" value=\"wpforms-submit\">Send<\/button><img loading=\"lazy\" decoding=\"async\" src=\"https:\/\/infoskema.jcn-bolig.dk\/wp-content\/plugins\/wpforms\/assets\/images\/submit-spin.svg\" class=\"wpforms-submit-spinner\" style=\"display: none;\" width=\"26\" height=\"26\" alt=\"Loading\"><\/div><\/form><\/div>  <!-- .wpforms-container -->\n","protected":false},"excerpt":{"rendered":"","protected":false},"author":1,"featured_media":0,"parent":0,"menu_order":0,"comment_status":"closed","ping_status":"closed","template":"","meta":{"footnotes":""},"class_list":["post-579","page","type-page","status-publish","hentry","entry"],"_links":{"self":[{"href":"https:\/\/infoskema.jcn-bolig.dk\/index.php\/wp-json\/wp\/v2\/pages\/579","targetHints":{"allow":["GET"]}}],"collection":[{"href":"https:\/\/infoskema.jcn-bolig.dk\/index.php\/wp-json\/wp\/v2\/pages"}],"about":[{"href":"https:\/\/infoskema.jcn-bolig.dk\/index.php\/wp-json\/wp\/v2\/types\/page"}],"author":[{"embeddable":true,"href":"https:\/\/infoskema.jcn-bolig.dk\/index.php\/wp-json\/wp\/v2\/users\/1"}],"replies":[{"embeddable":true,"href":"https:\/\/infoskema.jcn-bolig.dk\/index.php\/wp-json\/wp\/v2\/comments?post=579"}],"version-history":[{"count":2,"href":"https:\/\/infoskema.jcn-bolig.dk\/index.php\/wp-json\/wp\/v2\/pages\/579\/revisions"}],"predecessor-version":[{"id":583,"href":"https:\/\/infoskema.jcn-bolig.dk\/index.php\/wp-json\/wp\/v2\/pages\/579\/revisions\/583"}],"wp:attachment":[{"href":"https:\/\/infoskema.jcn-bolig.dk\/index.php\/wp-json\/wp\/v2\/media?parent=579"}],"curies":[{"name":"wp","href":"https:\/\/api.w.org\/{rel}","templated":true}]}}